{"id":11682,"date":"2025-07-21T12:04:55","date_gmt":"2025-07-21T09:04:55","guid":{"rendered":"https:\/\/www.vitasilvahotel.com\/?page_id=11682"},"modified":"2025-07-21T12:05:34","modified_gmt":"2025-07-21T09:05:34","slug":"kvkk","status":"publish","type":"page","link":"https:\/\/www.vitasilvahotel.com\/index.php\/kvkk\/","title":{"rendered":"KVKK"},"content":{"rendered":"\t\t<div data-elementor-type=\"wp-page\" data-elementor-id=\"11682\" class=\"elementor elementor-11682\">\n\t\t\t\t<div class=\"elementor-element elementor-element-c76f306 e-flex e-con-boxed tm-col-stretched-none tm-bg-color-over-image e-con e-parent\" data-id=\"c76f306\" data-element_type=\"container\">\n\t\t\t\t\t<div class=\"e-con-inner\">\n\t\t\t\t\t<\/div>\n\t\t\t\t<\/div>\n\t\t<div class=\"elementor-element elementor-element-c2e1693 e-flex e-con-boxed tm-col-stretched-none tm-bg-color-over-image e-con e-parent\" data-id=\"c2e1693\" data-element_type=\"container\">\n\t\t\t\t\t<div class=\"e-con-inner\">\n\t\t\t\t\t<\/div>\n\t\t\t\t<\/div>\n\t\t<div class=\"elementor-element elementor-element-4bad829 e-flex e-con-boxed tm-col-stretched-none tm-bg-color-over-image e-con e-parent\" data-id=\"4bad829\" data-element_type=\"container\">\n\t\t\t\t\t<div class=\"e-con-inner\">\n\t\t\t\t\t<\/div>\n\t\t\t\t<\/div>\n\t\t<div class=\"elementor-element elementor-element-4b22478 e-flex e-con-boxed tm-col-stretched-none tm-bg-color-over-image e-con e-parent\" data-id=\"4b22478\" data-element_type=\"container\">\n\t\t\t\t\t<div class=\"e-con-inner\">\n\t\t<div class=\"elementor-element elementor-element-6a46d71 e-con-full e-flex tm-col-stretched-none tm-bg-color-over-image e-con e-child\" data-id=\"6a46d71\" data-element_type=\"container\" data-settings=\"{&quot;background_background&quot;:&quot;classic&quot;}\">\n\t\t\t\t<div class=\"elementor-element elementor-element-097c8a6 elementor-widget elementor-widget-n-accordion\" data-id=\"097c8a6\" data-element_type=\"widget\" data-settings=\"{&quot;default_state&quot;:&quot;expanded&quot;,&quot;max_items_expended&quot;:&quot;one&quot;,&quot;n_accordion_animation_duration&quot;:{&quot;unit&quot;:&quot;ms&quot;,&quot;size&quot;:400,&quot;sizes&quot;:[]}}\" data-widget_type=\"nested-accordion.default\">\n\t\t\t\t<div class=\"elementor-widget-container\">\n\t\t\t\t\t\t\t<div class=\"e-n-accordion\" aria-label=\"Accordion. Open links with Enter or Space, close with Escape, and navigate with Arrow Keys\">\n\t\t\t\t\t\t<details id=\"e-n-accordion-item-9940\" class=\"e-n-accordion-item\" open>\n\t\t\t\t<summary class=\"e-n-accordion-item-title\" data-accordion-index=\"1\" tabindex=\"0\" aria-expanded=\"true\" aria-controls=\"e-n-accordion-item-9940\" >\n\t\t\t\t\t<span class='e-n-accordion-item-title-header'><div class=\"e-n-accordion-item-title-text\"> KVKK Politikalar\u0131m\u0131z <\/div><\/span>\n\t\t\t\t\t\t\t<span class='e-n-accordion-item-title-icon'>\n\t\t\t<span class='e-opened' ><svg aria-hidden=\"true\" class=\"e-font-icon-svg e-fas-minus\" viewBox=\"0 0 448 512\" xmlns=\"http:\/\/www.w3.org\/2000\/svg\"><path d=\"M416 208H32c-17.67 0-32 14.33-32 32v32c0 17.67 14.33 32 32 32h384c17.67 0 32-14.33 32-32v-32c0-17.67-14.33-32-32-32z\"><\/path><\/svg><\/span>\n\t\t\t<span class='e-closed'><svg aria-hidden=\"true\" class=\"e-font-icon-svg e-fas-plus\" viewBox=\"0 0 448 512\" xmlns=\"http:\/\/www.w3.org\/2000\/svg\"><path d=\"M416 208H272V64c0-17.67-14.33-32-32-32h-32c-17.67 0-32 14.33-32 32v144H32c-17.67 0-32 14.33-32 32v32c0 17.67 14.33 32 32 32h144v144c0 17.67 14.33 32 32 32h32c17.67 0 32-14.33 32-32V304h144c17.67 0 32-14.33 32-32v-32c0-17.67-14.33-32-32-32z\"><\/path><\/svg><\/span>\n\t\t<\/span>\n\n\t\t\t\t\t\t<\/summary>\n\t\t\t\t<div role=\"region\" aria-labelledby=\"e-n-accordion-item-9940\" class=\"elementor-element elementor-element-e500870 e-con-full e-flex tm-col-stretched-none tm-bg-color-over-image e-con e-child\" data-id=\"e500870\" data-element_type=\"container\">\n\t\t<div role=\"region\" aria-labelledby=\"e-n-accordion-item-9940\" class=\"elementor-element elementor-element-0bdd8fc e-con-full e-flex tm-col-stretched-none tm-bg-color-over-image e-con e-child\" data-id=\"0bdd8fc\" data-element_type=\"container\">\n\t\t\t\t<div class=\"elementor-element elementor-element-8ae63ac elementor-widget elementor-widget-shortcode\" data-id=\"8ae63ac\" data-element_type=\"widget\" data-widget_type=\"shortcode.default\">\n\t\t\t\t<div class=\"elementor-widget-container\">\n\t\t\t\t\t\t\t<div class=\"elementor-shortcode\"><div class=\"_df_thumb \" id=\"df_11029\"  _slug=\"misafir-kvkk-politikamiz\" data-title=\"misafir-kvkk-politikamiz\" wpoptions=\"true\" thumb=\"https:\/\/www.vitasilvahotel.com\/wp-content\/uploads\/2025\/06\/MISAFIR-KVKK.png\" thumbtype=\"\" >Misafir KVKK Politikam\u0131z<\/div><script class=\"df-shortcode-script\" nowprocket type=\"application\/javascript\">window.option_df_11029 = {\"outline\":[],\"autoEnableOutline\":\"false\",\"autoEnableThumbnail\":\"false\",\"overwritePDFOutline\":\"false\",\"backgroundImage\":\"https:\\\/\\\/www.vitasilvahotel.com\\\/wp-content\\\/uploads\\\/2025\\\/06\\\/MISAFIR-KVKK.png\",\"direction\":\"1\",\"pageSize\":\"0\",\"source\":\"https:\\\/\\\/www.vitasilvahotel.com\\\/wp-content\\\/uploads\\\/2025\\\/06\\\/MISAFIR_KVKK_POLITIKASI-11.pdf\",\"wpOptions\":\"true\"}; if(window.DFLIP && window.DFLIP.parseBooks){window.DFLIP.parseBooks();}<\/script><\/div>\n\t\t\t\t\t\t<\/div>\n\t\t\t\t<\/div>\n\t\t\t\t<\/div>\n\t\t<div role=\"region\" aria-labelledby=\"e-n-accordion-item-9940\" class=\"elementor-element elementor-element-1cf2ed3 e-con-full e-flex tm-col-stretched-none tm-bg-color-over-image e-con e-child\" data-id=\"1cf2ed3\" data-element_type=\"container\">\n\t\t\t\t<div class=\"elementor-element elementor-element-1a5f631 elementor-widget elementor-widget-shortcode\" data-id=\"1a5f631\" data-element_type=\"widget\" data-widget_type=\"shortcode.default\">\n\t\t\t\t<div class=\"elementor-widget-container\">\n\t\t\t\t\t\t\t<div class=\"elementor-shortcode\"><div class=\"_df_thumb \" id=\"df_11032\"  _slug=\"isyeri-acma-ve-calisma-ruhsati\" data-title=\"isyeri-acma-ve-calisma-ruhsati\" wpoptions=\"true\" thumb=\"https:\/\/www.vitasilvahotel.com\/wp-content\/uploads\/2025\/06\/calisma-ruhsati-is-yeri-acma.png\" thumbtype=\"\" >\u0130\u015eYER\u0130 A\u00c7MA VE \u00c7ALI\u015eMA RUHSATI<\/div><script class=\"df-shortcode-script\" nowprocket type=\"application\/javascript\">window.option_df_11032 = {\"outline\":[],\"autoEnableOutline\":\"false\",\"autoEnableThumbnail\":\"false\",\"overwritePDFOutline\":\"false\",\"backgroundImage\":\"https:\\\/\\\/www.vitasilvahotel.com\\\/wp-content\\\/uploads\\\/2025\\\/06\\\/calisma-ruhsati-is-yeri-acma.png\",\"direction\":\"1\",\"pageSize\":\"0\",\"source\":\"https:\\\/\\\/www.vitasilvahotel.com\\\/wp-content\\\/uploads\\\/2025\\\/06\\\/ISYERI-ACMA-VE-CALISMA-RUHSATI.pdf\",\"wpOptions\":\"true\"}; if(window.DFLIP && window.DFLIP.parseBooks){window.DFLIP.parseBooks();}<\/script><\/div>\n\t\t\t\t\t\t<\/div>\n\t\t\t\t<\/div>\n\t\t\t\t<\/div>\n\t\t<div role=\"region\" aria-labelledby=\"e-n-accordion-item-9940\" class=\"elementor-element elementor-element-56e99aa e-con-full e-flex tm-col-stretched-none tm-bg-color-over-image e-con e-child\" data-id=\"56e99aa\" data-element_type=\"container\">\n\t\t\t\t<div class=\"elementor-element elementor-element-de7c792 elementor-widget elementor-widget-shortcode\" data-id=\"de7c792\" data-element_type=\"widget\" data-widget_type=\"shortcode.default\">\n\t\t\t\t<div class=\"elementor-widget-container\">\n\t\t\t\t\t\t\t<div class=\"elementor-shortcode\"><div class=\"_df_thumb \" id=\"df_11022\"  _slug=\"calisan-kvkk-politikamiz\" data-title=\"calisan-kvkk-politikamiz\" wpoptions=\"true\" thumb=\"https:\/\/www.vitasilvahotel.com\/wp-content\/uploads\/2025\/06\/calisan-aday-politika.png\" thumbtype=\"\" >\u00c7al\u0131\u015fan KVKK Politikam\u0131z<\/div><script class=\"df-shortcode-script\" nowprocket type=\"application\/javascript\">window.option_df_11022 = {\"outline\":[],\"autoEnableOutline\":\"false\",\"autoEnableThumbnail\":\"false\",\"overwritePDFOutline\":\"false\",\"backgroundImage\":\"https:\\\/\\\/www.vitasilvahotel.com\\\/wp-content\\\/uploads\\\/2025\\\/06\\\/calisan-aday-politika.png\",\"direction\":\"1\",\"pageSize\":\"0\",\"source\":\"https:\\\/\\\/www.vitasilvahotel.com\\\/wp-content\\\/uploads\\\/2025\\\/06\\\/CALISAN_KVVK_POLITIKASI1.pdf\",\"wpOptions\":\"true\"}; if(window.DFLIP && window.DFLIP.parseBooks){window.DFLIP.parseBooks();}<\/script><\/div>\n\t\t\t\t\t\t<\/div>\n\t\t\t\t<\/div>\n\t\t\t\t<\/div>\n\t\t<div role=\"region\" aria-labelledby=\"e-n-accordion-item-9940\" class=\"elementor-element elementor-element-6c95e7c e-con-full e-flex tm-col-stretched-none tm-bg-color-over-image e-con e-child\" data-id=\"6c95e7c\" data-element_type=\"container\">\n\t\t\t\t<div class=\"elementor-element elementor-element-34a9fd0 elementor-widget elementor-widget-shortcode\" data-id=\"34a9fd0\" data-element_type=\"widget\" data-widget_type=\"shortcode.default\">\n\t\t\t\t<div class=\"elementor-widget-container\">\n\t\t\t\t\t\t\t<div class=\"elementor-shortcode\"><div class=\"_df_thumb \" id=\"df_11015\"  _slug=\"calisan-adayi-kvkk-acik-riza-metni\" data-title=\"calisan-adayi-kvkk-acik-riza-metni\" wpoptions=\"true\" thumb=\"https:\/\/www.vitasilvahotel.com\/wp-content\/uploads\/2025\/06\/riza-metni.png\" thumbtype=\"\" >\u00c7al\u0131\u015fan Aday\u0131 KVKK A\u00e7\u0131k R\u0131za Metni<\/div><script class=\"df-shortcode-script\" nowprocket type=\"application\/javascript\">window.option_df_11015 = {\"outline\":[],\"autoEnableOutline\":\"false\",\"autoEnableThumbnail\":\"false\",\"overwritePDFOutline\":\"false\",\"backgroundImage\":\"https:\\\/\\\/www.vitasilvahotel.com\\\/wp-content\\\/uploads\\\/2025\\\/06\\\/riza-metni.png\",\"direction\":\"1\",\"pageSize\":\"0\",\"source\":\"https:\\\/\\\/www.vitasilvahotel.com\\\/wp-content\\\/uploads\\\/2025\\\/06\\\/CALISAN_CALISAN_ADAYI_KVKI_ACIK_RIZA_BEYAN_FORMU1.pdf\",\"wpOptions\":\"true\"}; if(window.DFLIP && window.DFLIP.parseBooks){window.DFLIP.parseBooks();}<\/script><\/div>\n\t\t\t\t\t\t<\/div>\n\t\t\t\t<\/div>\n\t\t\t\t<\/div>\n\t\t\t\t<\/div>\n\t\t\t\t\t<\/details>\n\t\t\t\t\t<\/div>\n\t\t\t\t\t\t<\/div>\n\t\t\t\t<\/div>\n\t\t\t\t<\/div>\n\t\t\t\t\t<\/div>\n\t\t\t\t<\/div>\n\t\t\t\t<\/div>\n\t\t","protected":false},"excerpt":{"rendered":"<p>KVKK Politikalar\u0131m\u0131z Misafir KVKK Politikam\u0131z \u0130\u015eYER\u0130 A\u00c7MA VE \u00c7ALI\u015eMA RUHSATI \u00c7al\u0131\u015fan KVKK Politikam\u0131z \u00c7al\u0131\u015fan Aday\u0131 KVKK A\u00e7\u0131k R\u0131za Metni<\/p>\n","protected":false},"author":1,"featured_media":0,"parent":0,"menu_order":0,"comment_status":"closed","ping_status":"closed","template":"","meta":{"footnotes":""},"class_list":["post-11682","page","type-page","status-publish","hentry"],"_links":{"self":[{"href":"https:\/\/www.vitasilvahotel.com\/index.php\/wp-json\/wp\/v2\/pages\/11682","targetHints":{"allow":["GET"]}}],"collection":[{"href":"https:\/\/www.vitasilvahotel.com\/index.php\/wp-json\/wp\/v2\/pages"}],"about":[{"href":"https:\/\/www.vitasilvahotel.com\/index.php\/wp-json\/wp\/v2\/types\/page"}],"author":[{"embeddable":true,"href":"https:\/\/www.vitasilvahotel.com\/index.php\/wp-json\/wp\/v2\/users\/1"}],"replies":[{"embeddable":true,"href":"https:\/\/www.vitasilvahotel.com\/index.php\/wp-json\/wp\/v2\/comments?post=11682"}],"version-history":[{"count":4,"href":"https:\/\/www.vitasilvahotel.com\/index.php\/wp-json\/wp\/v2\/pages\/11682\/revisions"}],"predecessor-version":[{"id":11687,"href":"https:\/\/www.vitasilvahotel.com\/index.php\/wp-json\/wp\/v2\/pages\/11682\/revisions\/11687"}],"wp:attachment":[{"href":"https:\/\/www.vitasilvahotel.com\/index.php\/wp-json\/wp\/v2\/media?parent=11682"}],"curies":[{"name":"wp","href":"https:\/\/api.w.org\/{rel}","templated":true}]}}