{"id":11694,"date":"2025-07-21T12:08:21","date_gmt":"2025-07-21T09:08:21","guid":{"rendered":"https:\/\/www.vitasilvahotel.com\/?page_id=11694"},"modified":"2025-07-21T12:09:03","modified_gmt":"2025-07-21T09:09:03","slug":"personel-politikalarimiz","status":"publish","type":"page","link":"https:\/\/www.vitasilvahotel.com\/index.php\/personel-politikalarimiz\/","title":{"rendered":"Personel Politikalar\u0131m\u0131z"},"content":{"rendered":"\t\t<div data-elementor-type=\"wp-page\" data-elementor-id=\"11694\" class=\"elementor elementor-11694\">\n\t\t\t\t<div class=\"elementor-element elementor-element-eb1c7a4 e-flex e-con-boxed tm-col-stretched-none tm-bg-color-over-image e-con e-parent\" data-id=\"eb1c7a4\" data-element_type=\"container\">\n\t\t\t\t\t<div class=\"e-con-inner\">\n\t\t\t\t\t<\/div>\n\t\t\t\t<\/div>\n\t\t<div class=\"elementor-element elementor-element-45a1d63 e-flex e-con-boxed tm-col-stretched-none tm-bg-color-over-image e-con e-parent\" data-id=\"45a1d63\" data-element_type=\"container\">\n\t\t\t\t\t<div class=\"e-con-inner\">\n\t\t\t\t\t<\/div>\n\t\t\t\t<\/div>\n\t\t<div class=\"elementor-element elementor-element-7dad93a e-flex e-con-boxed tm-col-stretched-none tm-bg-color-over-image e-con e-parent\" data-id=\"7dad93a\" data-element_type=\"container\">\n\t\t\t\t\t<div class=\"e-con-inner\">\n\t\t\t\t\t<\/div>\n\t\t\t\t<\/div>\n\t\t<div class=\"elementor-element elementor-element-20d9943 e-flex e-con-boxed tm-col-stretched-none tm-bg-color-over-image e-con e-parent\" data-id=\"20d9943\" data-element_type=\"container\">\n\t\t\t\t\t<div class=\"e-con-inner\">\n\t\t<div class=\"elementor-element elementor-element-d55beab e-con-full e-flex tm-col-stretched-none tm-bg-color-over-image e-con e-child\" data-id=\"d55beab\" data-element_type=\"container\" data-settings=\"{&quot;background_background&quot;:&quot;classic&quot;}\">\n\t\t\t\t<div class=\"elementor-element elementor-element-3be6e88 elementor-widget elementor-widget-n-accordion\" data-id=\"3be6e88\" data-element_type=\"widget\" data-settings=\"{&quot;default_state&quot;:&quot;expanded&quot;,&quot;max_items_expended&quot;:&quot;one&quot;,&quot;n_accordion_animation_duration&quot;:{&quot;unit&quot;:&quot;ms&quot;,&quot;size&quot;:400,&quot;sizes&quot;:[]}}\" data-widget_type=\"nested-accordion.default\">\n\t\t\t\t<div class=\"elementor-widget-container\">\n\t\t\t\t\t\t\t<div class=\"e-n-accordion\" aria-label=\"Accordion. Open links with Enter or Space, close with Escape, and navigate with Arrow Keys\">\n\t\t\t\t\t\t<details id=\"e-n-accordion-item-6280\" class=\"e-n-accordion-item\" open>\n\t\t\t\t<summary class=\"e-n-accordion-item-title\" data-accordion-index=\"1\" tabindex=\"0\" aria-expanded=\"true\" aria-controls=\"e-n-accordion-item-6280\" >\n\t\t\t\t\t<span class='e-n-accordion-item-title-header'><div class=\"e-n-accordion-item-title-text\"> \u00c7al\u0131\u015fan Politikalar\u0131m\u0131z <\/div><\/span>\n\t\t\t\t\t\t\t<span class='e-n-accordion-item-title-icon'>\n\t\t\t<span class='e-opened' ><svg aria-hidden=\"true\" class=\"e-font-icon-svg e-fas-minus\" viewBox=\"0 0 448 512\" xmlns=\"http:\/\/www.w3.org\/2000\/svg\"><path d=\"M416 208H32c-17.67 0-32 14.33-32 32v32c0 17.67 14.33 32 32 32h384c17.67 0 32-14.33 32-32v-32c0-17.67-14.33-32-32-32z\"><\/path><\/svg><\/span>\n\t\t\t<span class='e-closed'><svg aria-hidden=\"true\" class=\"e-font-icon-svg e-fas-plus\" viewBox=\"0 0 448 512\" xmlns=\"http:\/\/www.w3.org\/2000\/svg\"><path d=\"M416 208H272V64c0-17.67-14.33-32-32-32h-32c-17.67 0-32 14.33-32 32v144H32c-17.67 0-32 14.33-32 32v32c0 17.67 14.33 32 32 32h144v144c0 17.67 14.33 32 32 32h32c17.67 0 32-14.33 32-32V304h144c17.67 0 32-14.33 32-32v-32c0-17.67-14.33-32-32-32z\"><\/path><\/svg><\/span>\n\t\t<\/span>\n\n\t\t\t\t\t\t<\/summary>\n\t\t\t\t<div role=\"region\" aria-labelledby=\"e-n-accordion-item-6280\" class=\"elementor-element elementor-element-6608702 tm-col-stretched-none e-flex e-con-boxed tm-bg-color-over-image e-con e-child\" data-id=\"6608702\" data-element_type=\"container\">\n\t\t\t\t\t<div class=\"e-con-inner\">\n\t\t<div role=\"region\" aria-labelledby=\"e-n-accordion-item-6280\" class=\"elementor-element elementor-element-e9ea9de e-con-full tm-col-stretched-none e-flex tm-bg-color-over-image e-con e-child\" data-id=\"e9ea9de\" data-element_type=\"container\">\n\t\t\t\t<div class=\"elementor-element elementor-element-12ca9b3 elementor-widget elementor-widget-shortcode\" data-id=\"12ca9b3\" data-element_type=\"widget\" data-widget_type=\"shortcode.default\">\n\t\t\t\t<div class=\"elementor-widget-container\">\n\t\t\t\t\t\t\t<div class=\"elementor-shortcode\"><div class=\"_df_thumb \" id=\"df_11640\"  _slug=\"degerler-politikamiz\" data-title=\"degerler-politikamiz\" wpoptions=\"true\" thumb=\"https:\/\/www.vitasilvahotel.com\/wp-content\/uploads\/2025\/06\/degerler-politikasi.png\" thumbtype=\"\" >De\u011ferler Politikam\u0131z<\/div><script class=\"df-shortcode-script\" nowprocket type=\"application\/javascript\">window.option_df_11640 = {\"outline\":[],\"autoEnableOutline\":\"false\",\"autoEnableThumbnail\":\"false\",\"overwritePDFOutline\":\"false\",\"backgroundImage\":\"https:\\\/\\\/www.vitasilvahotel.com\\\/wp-content\\\/uploads\\\/2025\\\/06\\\/degerler-politikasi.png\",\"direction\":\"1\",\"pageSize\":\"0\",\"source\":\"https:\\\/\\\/www.vitasilvahotel.com\\\/wp-content\\\/uploads\\\/2025\\\/06\\\/SY.YT_.PT_.03-INSAN-KAYNAKLARI-VE-DEGERLER-POLITIKASI.pdf\",\"wpOptions\":\"true\"}; if(window.DFLIP && window.DFLIP.parseBooks){window.DFLIP.parseBooks();}<\/script><\/div>\n\t\t\t\t\t\t<\/div>\n\t\t\t\t<\/div>\n\t\t\t\t<\/div>\n\t\t<div role=\"region\" aria-labelledby=\"e-n-accordion-item-6280\" class=\"elementor-element elementor-element-92d354d e-con-full tm-col-stretched-none e-flex tm-bg-color-over-image e-con e-child\" data-id=\"92d354d\" data-element_type=\"container\">\n\t\t\t\t<div class=\"elementor-element elementor-element-412f0b8 elementor-widget elementor-widget-shortcode\" data-id=\"412f0b8\" data-element_type=\"widget\" data-widget_type=\"shortcode.default\">\n\t\t\t\t<div class=\"elementor-widget-container\">\n\t\t\t\t\t\t\t<div class=\"elementor-shortcode\"><div class=\"_df_thumb \" id=\"df_11622\"  _slug=\"cocuklari-koruma-politikamiz\" data-title=\"cocuklari-koruma-politikamiz\" wpoptions=\"true\" thumb=\"https:\/\/www.vitasilvahotel.com\/wp-content\/uploads\/2025\/06\/Cocuk-koruma-politikasi.png\" thumbtype=\"\" >\u00c7ocuklar\u0131 Koruma Politikam\u0131z<\/div><script class=\"df-shortcode-script\" nowprocket type=\"application\/javascript\">window.option_df_11622 = {\"outline\":[],\"autoEnableOutline\":\"false\",\"autoEnableThumbnail\":\"false\",\"overwritePDFOutline\":\"false\",\"backgroundImage\":\"https:\\\/\\\/www.vitasilvahotel.com\\\/wp-content\\\/uploads\\\/2025\\\/06\\\/Cocuk-koruma-politikasi.png\",\"direction\":\"1\",\"pageSize\":\"0\",\"source\":\"https:\\\/\\\/www.vitasilvahotel.com\\\/wp-content\\\/uploads\\\/2025\\\/06\\\/KY.AN_.PT_.01-Cocuklari-Koruma-Politilasi.pdf\",\"wpOptions\":\"true\"}; if(window.DFLIP && window.DFLIP.parseBooks){window.DFLIP.parseBooks();}<\/script><\/div>\n\t\t\t\t\t\t<\/div>\n\t\t\t\t<\/div>\n\t\t\t\t<\/div>\n\t\t<div role=\"region\" aria-labelledby=\"e-n-accordion-item-6280\" class=\"elementor-element elementor-element-216d53e e-con-full tm-col-stretched-none e-flex tm-bg-color-over-image e-con e-child\" data-id=\"216d53e\" data-element_type=\"container\">\n\t\t\t\t<div class=\"elementor-element elementor-element-31beb0a elementor-widget elementor-widget-shortcode\" data-id=\"31beb0a\" data-element_type=\"widget\" data-widget_type=\"shortcode.default\">\n\t\t\t\t<div class=\"elementor-widget-container\">\n\t\t\t\t\t\t\t<div class=\"elementor-shortcode\"><div class=\"_df_thumb \" id=\"df_11635\"  _slug=\"entegre-yonetim-ortak-politikamiz\" data-title=\"entegre-yonetim-ortak-politikamiz\" wpoptions=\"true\" thumb=\"https:\/\/www.vitasilvahotel.com\/wp-content\/uploads\/2025\/06\/entegre-yonetim.png\" thumbtype=\"\" >Entegre Y\u00f6netim Ortak Politikam\u0131z<\/div><script class=\"df-shortcode-script\" nowprocket type=\"application\/javascript\">window.option_df_11635 = {\"outline\":[],\"autoEnableOutline\":\"false\",\"autoEnableThumbnail\":\"false\",\"overwritePDFOutline\":\"false\",\"backgroundImage\":\"https:\\\/\\\/www.vitasilvahotel.com\\\/wp-content\\\/uploads\\\/2025\\\/06\\\/entegre-yonetim.png\",\"direction\":\"1\",\"pageSize\":\"0\",\"source\":\"https:\\\/\\\/www.vitasilvahotel.com\\\/wp-content\\\/uploads\\\/2025\\\/06\\\/KY.YT_.PT_.01-ORTAK-POLITIKA.pdf\",\"wpOptions\":\"true\"}; if(window.DFLIP && window.DFLIP.parseBooks){window.DFLIP.parseBooks();}<\/script><\/div>\n\t\t\t\t\t\t<\/div>\n\t\t\t\t<\/div>\n\t\t\t\t<\/div>\n\t\t<div role=\"region\" aria-labelledby=\"e-n-accordion-item-6280\" class=\"elementor-element elementor-element-38f4085 e-con-full tm-col-stretched-none e-flex tm-bg-color-over-image e-con e-child\" data-id=\"38f4085\" data-element_type=\"container\">\n\t\t\t\t<\/div>\n\t\t\t\t\t<\/div>\n\t\t\t\t<\/div>\n\t\t\t\t\t<\/details>\n\t\t\t\t\t<\/div>\n\t\t\t\t\t\t<\/div>\n\t\t\t\t<\/div>\n\t\t\t\t<\/div>\n\t\t\t\t\t<\/div>\n\t\t\t\t<\/div>\n\t\t\t\t<\/div>\n\t\t","protected":false},"excerpt":{"rendered":"<p>\u00c7al\u0131\u015fan Politikalar\u0131m\u0131z De\u011ferler Politikam\u0131z \u00c7ocuklar\u0131 Koruma Politikam\u0131z Entegre Y\u00f6netim Ortak Politikam\u0131z<\/p>\n","protected":false},"author":1,"featured_media":0,"parent":0,"menu_order":0,"comment_status":"closed","ping_status":"closed","template":"","meta":{"footnotes":""},"class_list":["post-11694","page","type-page","status-publish","hentry"],"_links":{"self":[{"href":"https:\/\/www.vitasilvahotel.com\/index.php\/wp-json\/wp\/v2\/pages\/11694","targetHints":{"allow":["GET"]}}],"collection":[{"href":"https:\/\/www.vitasilvahotel.com\/index.php\/wp-json\/wp\/v2\/pages"}],"about":[{"href":"https:\/\/www.vitasilvahotel.com\/index.php\/wp-json\/wp\/v2\/types\/page"}],"author":[{"embeddable":true,"href":"https:\/\/www.vitasilvahotel.com\/index.php\/wp-json\/wp\/v2\/users\/1"}],"replies":[{"embeddable":true,"href":"https:\/\/www.vitasilvahotel.com\/index.php\/wp-json\/wp\/v2\/comments?post=11694"}],"version-history":[{"count":7,"href":"https:\/\/www.vitasilvahotel.com\/index.php\/wp-json\/wp\/v2\/pages\/11694\/revisions"}],"predecessor-version":[{"id":11702,"href":"https:\/\/www.vitasilvahotel.com\/index.php\/wp-json\/wp\/v2\/pages\/11694\/revisions\/11702"}],"wp:attachment":[{"href":"https:\/\/www.vitasilvahotel.com\/index.php\/wp-json\/wp\/v2\/media?parent=11694"}],"curies":[{"name":"wp","href":"https:\/\/api.w.org\/{rel}","templated":true}]}}