{"id":11877,"date":"2025-08-23T11:34:57","date_gmt":"2025-08-23T08:34:57","guid":{"rendered":"https:\/\/www.vitasilvahotel.com\/?page_id=11877"},"modified":"2026-03-23T23:41:58","modified_gmt":"2026-03-23T20:41:58","slug":"tulip-a-la-carte","status":"publish","type":"page","link":"https:\/\/www.vitasilvahotel.com\/index.php\/tulip-a-la-carte\/","title":{"rendered":"Tulip A La Carte"},"content":{"rendered":"\t\t<div data-elementor-type=\"wp-page\" data-elementor-id=\"11877\" class=\"elementor elementor-11877\">\n\t\t\t\t<div class=\"elementor-element elementor-element-a7161f4 e-flex e-con-boxed tm-col-stretched-none tm-bg-color-over-image e-con e-parent\" data-id=\"a7161f4\" data-element_type=\"container\" data-settings=\"{&quot;background_background&quot;:&quot;classic&quot;}\">\n\t\t\t\t\t<div class=\"e-con-inner\">\n\t\t<div class=\"elementor-element elementor-element-319a8ae e-flex e-con-boxed tm-col-stretched-none tm-bg-color-over-image e-con e-child\" data-id=\"319a8ae\" data-element_type=\"container\">\n\t\t\t\t\t<div class=\"e-con-inner\">\n\t\t<div class=\"elementor-element elementor-element-bfbb6a5 e-con-full e-flex tm-col-stretched-none tm-bg-color-over-image e-con e-child\" data-id=\"bfbb6a5\" data-element_type=\"container\">\n\t\t\t\t<div class=\"elementor-element elementor-element-d0def6b elementor-widget elementor-widget-tm-ele-navigation-menu\" data-id=\"d0def6b\" data-element_type=\"widget\" data-widget_type=\"tm-ele-navigation-menu.default\">\n\t\t\t\t<div class=\"elementor-widget-container\">\n\t\t\t\t\t<div class=\"tm-sc-simple-nav-menu\"><ul id=\"menu-footer-links1\" class=\"\"><li id=\"menu-item-331\" class=\"menu-item menu-item-type-custom menu-item-object-custom menu-item-home menu-item-331\"><a href=\"https:\/\/www.vitasilvahotel.com\"><i class=\"tm-nav-arrow-icon fas fa-arrow-right\"><\/i>Anasayfa<\/a><\/li>\n<li id=\"menu-item-332\" class=\"menu-item menu-item-type-custom menu-item-object-custom menu-item-332\"><a href=\"https:\/\/www.vitasilvahotel.com\/index.php\/odalar\/\"><i class=\"tm-nav-arrow-icon fas fa-arrow-right\"><\/i>Odalar\u0131m\u0131z<\/a><\/li>\n<li id=\"menu-item-333\" class=\"menu-item menu-item-type-custom menu-item-object-custom menu-item-333\"><a href=\"https:\/\/www.vitasilvahotel.com\/index.php\/fitness\/\"><i class=\"tm-nav-arrow-icon fas fa-arrow-right\"><\/i>Fitness<\/a><\/li>\n<li id=\"menu-item-334\" class=\"menu-item menu-item-type-custom menu-item-object-custom menu-item-334\"><a href=\"https:\/\/www.vitasilvahotel.com\/index.php\/spa-salon\/\"><i class=\"tm-nav-arrow-icon fas fa-arrow-right\"><\/i>Spa &#038; Welness<\/a><\/li>\n<li id=\"menu-item-335\" class=\"menu-item menu-item-type-custom menu-item-object-custom menu-item-335\"><a href=\"https:\/\/www.vitasilvahotel.com\/index.php\/politikalarimiz\/\"><i class=\"tm-nav-arrow-icon fas fa-arrow-right\"><\/i>Yasal Bilgilendirmeler<\/a><\/li>\n<li id=\"menu-item-336\" class=\"menu-item menu-item-type-custom menu-item-object-custom menu-item-336\"><a href=\"https:\/\/www.vitasilvahotel.com\/index.php\/iletisim\/\"><i class=\"tm-nav-arrow-icon fas fa-arrow-right\"><\/i>\u0130leti\u015fim<\/a><\/li>\n<\/ul><\/div>\t\t\t\t<\/div>\n\t\t\t\t<\/div>\n\t\t<div class=\"elementor-element elementor-element-5964ca6 e-con-full e-flex tm-col-stretched-none tm-bg-color-over-image e-con e-child\" data-id=\"5964ca6\" data-element_type=\"container\" data-settings=\"{&quot;background_background&quot;:&quot;classic&quot;}\">\n\t\t\t\t<div class=\"elementor-element elementor-element-6dd2d7c elementor-widget elementor-widget-heading\" data-id=\"6dd2d7c\" data-element_type=\"widget\" data-widget_type=\"heading.default\">\n\t\t\t\t<div class=\"elementor-widget-container\">\n\t\t\t\t\t<h4 class=\"elementor-heading-title elementor-size-default\">Karars\u0131z m\u0131 kald\u0131n\u0131z? Bizimle ileti\u015fime ge\u00e7in<\/h4>\t\t\t\t<\/div>\n\t\t\t\t<\/div>\n\t\t\t\t<div class=\"elementor-element elementor-element-456eaae elementor-widget elementor-widget-tm-ele-iconbox\" data-id=\"456eaae\" data-element_type=\"widget\" data-widget_type=\"tm-ele-iconbox.default\">\n\t\t\t\t<div class=\"elementor-widget-container\">\n\t\t\t\t\t<div class=\"tm-sc-icon-box icon-box icon-top font-icon icon-top animate-hover icon-rotate-y\">\r\n\t\r\n  \t<div class=\"icon-box-wrapper\">\r\n\t\t\r\n\t\t<div class=\"icon-wrapper\">\r\n\t\t<div class=\"icon icon-round icon-type-font-icon icon-md\">\r\n\t\t\t<i aria-hidden=\"true\" class=\" flaticon-common-phone-call\"><\/i>\t\t<\/div>\r\n\r\n\t\t\t<\/div>\r\n\t\t\t<div class=\"icon-text\">\r\n\t\t\t\t\t\t\r\n\t\t\t\t<h4 class=\"icon-box-title \">\r\n\t\t\t\t\t\t\t\u00c7a\u011fr\u0131 merkezimizi arayabilirsiniz.\n\t\t\t\t\t<\/h4>\r\n\t\t\t\t\t<div class=\"content\"><p>(0242) 524 57 38<\/p><\/div>\r\n\t\t\t\r\n\t\t\t\r\n\t\r\n\t\t\t\t\t<\/div>\r\n\t\t<div class=\"clearfix\"><\/div>\r\n\t<\/div>\r\n<\/div>\t\t\t\t<\/div>\n\t\t\t\t<\/div>\n\t\t\t\t<\/div>\n\t\t\t\t<\/div>\n\t\t<div class=\"elementor-element elementor-element-dfcda7e e-con-full tm-col-stretched-none e-flex tm-bg-color-over-image e-con e-child\" data-id=\"dfcda7e\" data-element_type=\"container\">\n\t\t\t\t<div class=\"elementor-element elementor-element-77024dd elementor-widget elementor-widget-image\" data-id=\"77024dd\" data-element_type=\"widget\" data-widget_type=\"image.default\">\n\t\t\t\t<div class=\"elementor-widget-container\">\n\t\t\t\t\t\t\t\t\t\t\t\t\t\t\t<img decoding=\"async\" src=\"https:\/\/www.vitasilvahotel.com\/wp-content\/uploads\/2026\/03\/DSCF9315-HDR-scaled.jpg\" title=\"DSCF9315-HDR\" alt=\"DSCF9315-HDR\" loading=\"lazy\" \/>\t\t\t\t\t\t\t\t\t\t\t\t\t\t\t<\/div>\n\t\t\t\t<\/div>\n\t\t\t\t<div class=\"elementor-element elementor-element-3835672 elementor-widget elementor-widget-tm-ele-text-editor\" data-id=\"3835672\" data-element_type=\"widget\" data-widget_type=\"tm-ele-text-editor.default\">\n\t\t\t\t<div class=\"elementor-widget-container\">\n\t\t\t\t\t\t\t<div class=\"tm-text-editor\">\r\n\t\t<h3><strong>Tulip A La Carte<\/strong><\/h3>\t\t<\/div>\r\n\t\t\t\t\t<\/div>\n\t\t\t\t<\/div>\n\t\t\t\t<div class=\"elementor-element elementor-element-023aae9 elementor-widget elementor-widget-tm-ele-text-editor\" data-id=\"023aae9\" data-element_type=\"widget\" data-widget_type=\"tm-ele-text-editor.default\">\n\t\t\t\t<div class=\"elementor-widget-container\">\n\t\t\t\t\t\t\t<div class=\"tm-text-editor\">\r\n\t\t<p data-start=\"178\" data-end=\"416\">Vita Silva Hotel\u2019in \u00f6zel restoran\u0131 <strong data-start=\"213\" data-end=\"233\">Tulip A La Carte<\/strong>, misafirlerine T\u00fcrk mutfa\u011f\u0131n\u0131n en se\u00e7kin tatlar\u0131n\u0131 zarif bir atmosferde sunuyor. Osmanl\u0131'dan g\u00fcn\u00fcm\u00fcze uzanan lezzet miras\u0131, usta \u015feflerin modern dokunu\u015flar\u0131yla yeniden hayat buluyor.<\/p><p data-start=\"418\" data-end=\"613\">Mevsiminde se\u00e7ilen taze malzemelerle haz\u0131rlanan kebaplar, zeytinya\u011fl\u0131lar, geleneksel mezeler ve y\u00f6resel tatl\u0131larla Tulip, yerli ve yabanc\u0131 konuklara unutulmaz bir T\u00fcrk mutfa\u011f\u0131 deneyimi ya\u015fat\u0131yor.<\/p><p data-start=\"615\" data-end=\"675\"><\/p>\t\t<\/div>\r\n\t\t\t\t\t<\/div>\n\t\t\t\t<\/div>\n\t\t\t\t<div class=\"elementor-element elementor-element-511d14d elementor-widget elementor-widget-tm-ele-iconbox\" data-id=\"511d14d\" data-element_type=\"widget\" data-widget_type=\"tm-ele-iconbox.default\">\n\t\t\t\t<div class=\"elementor-widget-container\">\n\t\t\t\t\t<div class=\"tm-sc-icon-box icon-box icon-top no-icon icon-top animate-hover icon-rotate-y\">\r\n\t\r\n  \t<div class=\"icon-box-wrapper\">\r\n\t\t\r\n\t\t\t<div class=\"icon-text\">\r\n\t\t\t\t\t\t\r\n\t\t\t\t<p class=\"icon-box-title \">\r\n\t\t\t\t\t\t\tLezzet, gelenek ve \u015f\u0131kl\u0131k Tulip A La Carte\u2019ta bulu\u015fuyor.\t\t\t\t\t<\/p>\r\n\t\t\t\t\t\t\t\t\r\n\t\t\t\r\n\t\r\n\t\t\t\t\t<\/div>\r\n\t\t<div class=\"clearfix\"><\/div>\r\n\t<\/div>\r\n<\/div>\t\t\t\t<\/div>\n\t\t\t\t<\/div>\n\t\t<div class=\"elementor-element elementor-element-4255602 e-flex e-con-boxed tm-col-stretched-none tm-bg-color-over-image e-con e-child\" data-id=\"4255602\" data-element_type=\"container\">\n\t\t\t\t\t<div class=\"e-con-inner\">\n\t\t\t\t<div class=\"elementor-element elementor-element-7ddd32d elementor-arrows-position-inside elementor-widget elementor-widget-image-carousel\" data-id=\"7ddd32d\" data-element_type=\"widget\" data-settings=\"{&quot;slides_to_show&quot;:&quot;2&quot;,&quot;navigation&quot;:&quot;arrows&quot;,&quot;autoplay&quot;:&quot;yes&quot;,&quot;pause_on_hover&quot;:&quot;yes&quot;,&quot;pause_on_interaction&quot;:&quot;yes&quot;,&quot;autoplay_speed&quot;:5000,&quot;infinite&quot;:&quot;yes&quot;,&quot;speed&quot;:500,&quot;image_spacing_custom&quot;:{&quot;unit&quot;:&quot;px&quot;,&quot;size&quot;:20,&quot;sizes&quot;:[]},&quot;image_spacing_custom_tablet&quot;:{&quot;unit&quot;:&quot;px&quot;,&quot;size&quot;:&quot;&quot;,&quot;sizes&quot;:[]},&quot;image_spacing_custom_mobile&quot;:{&quot;unit&quot;:&quot;px&quot;,&quot;size&quot;:&quot;&quot;,&quot;sizes&quot;:[]}}\" data-widget_type=\"image-carousel.default\">\n\t\t\t\t<div class=\"elementor-widget-container\">\n\t\t\t\t\t\t\t<div class=\"elementor-image-carousel-wrapper swiper\" role=\"region\" aria-roledescription=\"carousel\" aria-label=\"Image Carousel\" dir=\"ltr\">\n\t\t\t<div class=\"elementor-image-carousel swiper-wrapper\" aria-live=\"off\">\n\t\t\t\t\t\t\t\t<div class=\"swiper-slide\" role=\"group\" aria-roledescription=\"slide\" aria-label=\"1 \/ 2\"><figure class=\"swiper-slide-inner\"><img decoding=\"async\" class=\"swiper-slide-image\" src=\"https:\/\/www.vitasilvahotel.com\/wp-content\/uploads\/2026\/03\/DSCF9291-HDR-672x448.jpg\" alt=\"DSCF9291-HDR\" \/><\/figure><\/div><div class=\"swiper-slide\" role=\"group\" aria-roledescription=\"slide\" aria-label=\"2 \/ 2\"><figure class=\"swiper-slide-inner\"><img decoding=\"async\" class=\"swiper-slide-image\" src=\"https:\/\/www.vitasilvahotel.com\/wp-content\/uploads\/2026\/03\/DSCF9309-HDR-672x448.jpg\" alt=\"DSCF9309-HDR\" \/><\/figure><\/div>\t\t\t<\/div>\n\t\t\t\t\t\t\t\t\t\t\t\t<div class=\"elementor-swiper-button elementor-swiper-button-prev\" role=\"button\" tabindex=\"0\">\n\t\t\t\t\t\t<svg aria-hidden=\"true\" class=\"e-font-icon-svg e-eicon-chevron-left\" viewBox=\"0 0 1000 1000\" xmlns=\"http:\/\/www.w3.org\/2000\/svg\"><path d=\"M646 125C629 125 613 133 604 142L308 442C296 454 292 471 292 487 292 504 296 521 308 533L604 854C617 867 629 875 646 875 663 875 679 871 692 858 704 846 713 829 713 812 713 796 708 779 692 767L438 487 692 225C700 217 708 204 708 187 708 171 704 154 692 142 675 129 663 125 646 125Z\"><\/path><\/svg>\t\t\t\t\t<\/div>\n\t\t\t\t\t<div class=\"elementor-swiper-button elementor-swiper-button-next\" role=\"button\" tabindex=\"0\">\n\t\t\t\t\t\t<svg aria-hidden=\"true\" class=\"e-font-icon-svg e-eicon-chevron-right\" viewBox=\"0 0 1000 1000\" xmlns=\"http:\/\/www.w3.org\/2000\/svg\"><path d=\"M696 533C708 521 713 504 713 487 713 471 708 454 696 446L400 146C388 133 375 125 354 125 338 125 325 129 313 142 300 154 292 171 292 187 292 204 296 221 308 233L563 492 304 771C292 783 288 800 288 817 288 833 296 850 308 863 321 871 338 875 354 875 371 875 388 867 400 854L696 533Z\"><\/path><\/svg>\t\t\t\t\t<\/div>\n\t\t\t\t\n\t\t\t\t\t\t\t\t\t<\/div>\n\t\t\t\t\t\t<\/div>\n\t\t\t\t<\/div>\n\t\t\t\t\t<\/div>\n\t\t\t\t<\/div>\n\t\t\t\t<div class=\"elementor-element elementor-element-29cb1e2 elementor-widget elementor-widget-tm-ele-text-editor\" data-id=\"29cb1e2\" data-element_type=\"widget\" data-widget_type=\"tm-ele-text-editor.default\">\n\t\t\t\t<div class=\"elementor-widget-container\">\n\t\t\t\t\t\t\t<div class=\"tm-text-editor\">\r\n\t\t<p>Spa merkezimizdeki sauna ve buhar odas\u0131, toksinlerden ar\u0131nman\u0131z\u0131 sa\u011flarken ba\u011f\u0131\u015f\u0131kl\u0131k sisteminizi de destekler. Geleneksel T\u00fcrk hamam\u0131nda ise ge\u00e7mi\u015ften g\u00fcn\u00fcm\u00fcze uzanan rit\u00fcellerle v\u00fccudunuzu \u00f6l\u00fc derilerden ar\u0131nd\u0131rabilir, yumu\u015fac\u0131k bir cilde sahip olabilirsiniz.<\/p>\t\t<\/div>\r\n\t\t\t\t\t<\/div>\n\t\t\t\t<\/div>\n\t\t\t\t<\/div>\n\t\t\t\t\t<\/div>\n\t\t\t\t<\/div>\n\t\t\t\t\t<\/div>\n\t\t\t\t<\/div>\n\t\t\t\t<\/div>\n\t\t","protected":false},"excerpt":{"rendered":"<p>Anasayfa Odalar\u0131m\u0131z Fitness Spa &#038; Welness Yasal Bilgilendirmeler \u0130leti\u015fim Karars\u0131z m\u0131 kald\u0131n\u0131z? Bizimle ileti\u015fime ge\u00e7in \u00c7a\u011fr\u0131 merkezimizi arayabilirsiniz. (0242) 524&#8230;<\/p>\n","protected":false},"author":1,"featured_media":0,"parent":0,"menu_order":0,"comment_status":"closed","ping_status":"closed","template":"","meta":{"footnotes":""},"class_list":["post-11877","page","type-page","status-publish","hentry"],"_links":{"self":[{"href":"https:\/\/www.vitasilvahotel.com\/index.php\/wp-json\/wp\/v2\/pages\/11877","targetHints":{"allow":["GET"]}}],"collection":[{"href":"https:\/\/www.vitasilvahotel.com\/index.php\/wp-json\/wp\/v2\/pages"}],"about":[{"href":"https:\/\/www.vitasilvahotel.com\/index.php\/wp-json\/wp\/v2\/types\/page"}],"author":[{"embeddable":true,"href":"https:\/\/www.vitasilvahotel.com\/index.php\/wp-json\/wp\/v2\/users\/1"}],"replies":[{"embeddable":true,"href":"https:\/\/www.vitasilvahotel.com\/index.php\/wp-json\/wp\/v2\/comments?post=11877"}],"version-history":[{"count":7,"href":"https:\/\/www.vitasilvahotel.com\/index.php\/wp-json\/wp\/v2\/pages\/11877\/revisions"}],"predecessor-version":[{"id":11968,"href":"https:\/\/www.vitasilvahotel.com\/index.php\/wp-json\/wp\/v2\/pages\/11877\/revisions\/11968"}],"wp:attachment":[{"href":"https:\/\/www.vitasilvahotel.com\/index.php\/wp-json\/wp\/v2\/media?parent=11877"}],"curies":[{"name":"wp","href":"https:\/\/api.w.org\/{rel}","templated":true}]}}