{"id":11889,"date":"2025-08-23T11:41:55","date_gmt":"2025-08-23T08:41:55","guid":{"rendered":"https:\/\/www.vitasilvahotel.com\/?page_id=11889"},"modified":"2026-03-23T23:45:33","modified_gmt":"2026-03-23T20:45:33","slug":"olive-a-la-carte","status":"publish","type":"page","link":"https:\/\/www.vitasilvahotel.com\/index.php\/olive-a-la-carte\/","title":{"rendered":"Olive A La Carte"},"content":{"rendered":"\t\t<div data-elementor-type=\"wp-page\" data-elementor-id=\"11889\" class=\"elementor elementor-11889\">\n\t\t\t\t<div class=\"elementor-element elementor-element-3b9e5bc e-flex e-con-boxed tm-col-stretched-none tm-bg-color-over-image e-con e-parent\" data-id=\"3b9e5bc\" data-element_type=\"container\" data-settings=\"{&quot;background_background&quot;:&quot;classic&quot;}\">\n\t\t\t\t\t<div class=\"e-con-inner\">\n\t\t<div class=\"elementor-element elementor-element-b1f02e2 e-flex e-con-boxed tm-col-stretched-none tm-bg-color-over-image e-con e-child\" data-id=\"b1f02e2\" data-element_type=\"container\">\n\t\t\t\t\t<div class=\"e-con-inner\">\n\t\t<div class=\"elementor-element elementor-element-4121779 e-con-full e-flex tm-col-stretched-none tm-bg-color-over-image e-con e-child\" data-id=\"4121779\" data-element_type=\"container\">\n\t\t\t\t<div class=\"elementor-element elementor-element-39bb6d9 elementor-widget elementor-widget-tm-ele-navigation-menu\" data-id=\"39bb6d9\" data-element_type=\"widget\" data-widget_type=\"tm-ele-navigation-menu.default\">\n\t\t\t\t<div class=\"elementor-widget-container\">\n\t\t\t\t\t<div class=\"tm-sc-simple-nav-menu\"><ul id=\"menu-footer-links1\" class=\"\"><li id=\"menu-item-331\" class=\"menu-item menu-item-type-custom menu-item-object-custom menu-item-home menu-item-331\"><a href=\"https:\/\/www.vitasilvahotel.com\"><i class=\"tm-nav-arrow-icon fas fa-arrow-right\"><\/i>Anasayfa<\/a><\/li>\n<li id=\"menu-item-332\" class=\"menu-item menu-item-type-custom menu-item-object-custom menu-item-332\"><a href=\"https:\/\/www.vitasilvahotel.com\/index.php\/odalar\/\"><i class=\"tm-nav-arrow-icon fas fa-arrow-right\"><\/i>Odalar\u0131m\u0131z<\/a><\/li>\n<li id=\"menu-item-333\" class=\"menu-item menu-item-type-custom menu-item-object-custom menu-item-333\"><a href=\"https:\/\/www.vitasilvahotel.com\/index.php\/fitness\/\"><i class=\"tm-nav-arrow-icon fas fa-arrow-right\"><\/i>Fitness<\/a><\/li>\n<li id=\"menu-item-334\" class=\"menu-item menu-item-type-custom menu-item-object-custom menu-item-334\"><a href=\"https:\/\/www.vitasilvahotel.com\/index.php\/spa-salon\/\"><i class=\"tm-nav-arrow-icon fas fa-arrow-right\"><\/i>Spa &#038; Welness<\/a><\/li>\n<li id=\"menu-item-335\" class=\"menu-item menu-item-type-custom menu-item-object-custom menu-item-335\"><a href=\"https:\/\/www.vitasilvahotel.com\/index.php\/politikalarimiz\/\"><i class=\"tm-nav-arrow-icon fas fa-arrow-right\"><\/i>Yasal Bilgilendirmeler<\/a><\/li>\n<li id=\"menu-item-336\" class=\"menu-item menu-item-type-custom menu-item-object-custom menu-item-336\"><a href=\"https:\/\/www.vitasilvahotel.com\/index.php\/iletisim\/\"><i class=\"tm-nav-arrow-icon fas fa-arrow-right\"><\/i>\u0130leti\u015fim<\/a><\/li>\n<\/ul><\/div>\t\t\t\t<\/div>\n\t\t\t\t<\/div>\n\t\t<div class=\"elementor-element elementor-element-fb37510 e-con-full e-flex tm-col-stretched-none tm-bg-color-over-image e-con e-child\" data-id=\"fb37510\" data-element_type=\"container\" data-settings=\"{&quot;background_background&quot;:&quot;classic&quot;}\">\n\t\t\t\t<div class=\"elementor-element elementor-element-0653f78 elementor-widget elementor-widget-heading\" data-id=\"0653f78\" data-element_type=\"widget\" data-widget_type=\"heading.default\">\n\t\t\t\t<div class=\"elementor-widget-container\">\n\t\t\t\t\t<h4 class=\"elementor-heading-title elementor-size-default\">Karars\u0131z m\u0131 kald\u0131n\u0131z? Bizimle ileti\u015fime ge\u00e7in<\/h4>\t\t\t\t<\/div>\n\t\t\t\t<\/div>\n\t\t\t\t<div class=\"elementor-element elementor-element-aa8534a elementor-widget elementor-widget-tm-ele-iconbox\" data-id=\"aa8534a\" data-element_type=\"widget\" data-widget_type=\"tm-ele-iconbox.default\">\n\t\t\t\t<div class=\"elementor-widget-container\">\n\t\t\t\t\t<div class=\"tm-sc-icon-box icon-box icon-top font-icon icon-top animate-hover icon-rotate-y\">\r\n\t\r\n  \t<div class=\"icon-box-wrapper\">\r\n\t\t\r\n\t\t<div class=\"icon-wrapper\">\r\n\t\t<div class=\"icon icon-round icon-type-font-icon icon-md\">\r\n\t\t\t<i aria-hidden=\"true\" class=\" flaticon-common-phone-call\"><\/i>\t\t<\/div>\r\n\r\n\t\t\t<\/div>\r\n\t\t\t<div class=\"icon-text\">\r\n\t\t\t\t\t\t\r\n\t\t\t\t<h4 class=\"icon-box-title \">\r\n\t\t\t\t\t\t\t\u00c7a\u011fr\u0131 merkezimizi arayabilirsiniz.\n\t\t\t\t\t<\/h4>\r\n\t\t\t\t\t<div class=\"content\"><p>(0242) 524 57 38<\/p><\/div>\r\n\t\t\t\r\n\t\t\t\r\n\t\r\n\t\t\t\t\t<\/div>\r\n\t\t<div class=\"clearfix\"><\/div>\r\n\t<\/div>\r\n<\/div>\t\t\t\t<\/div>\n\t\t\t\t<\/div>\n\t\t\t\t<\/div>\n\t\t\t\t<\/div>\n\t\t<div class=\"elementor-element elementor-element-dc092ce e-con-full tm-col-stretched-none e-flex tm-bg-color-over-image e-con e-child\" data-id=\"dc092ce\" data-element_type=\"container\">\n\t\t\t\t<div class=\"elementor-element elementor-element-40b4dc6 elementor-widget elementor-widget-image\" data-id=\"40b4dc6\" data-element_type=\"widget\" data-widget_type=\"image.default\">\n\t\t\t\t<div class=\"elementor-widget-container\">\n\t\t\t\t\t\t\t\t\t\t\t\t\t\t\t<img decoding=\"async\" src=\"https:\/\/www.vitasilvahotel.com\/wp-content\/uploads\/2026\/03\/DSCF9281-HDR-scaled.jpg\" title=\"DSCF9281-HDR\" alt=\"DSCF9281-HDR\" loading=\"lazy\" \/>\t\t\t\t\t\t\t\t\t\t\t\t\t\t\t<\/div>\n\t\t\t\t<\/div>\n\t\t\t\t<div class=\"elementor-element elementor-element-36e4d35 elementor-widget elementor-widget-tm-ele-text-editor\" data-id=\"36e4d35\" data-element_type=\"widget\" data-widget_type=\"tm-ele-text-editor.default\">\n\t\t\t\t<div class=\"elementor-widget-container\">\n\t\t\t\t\t\t\t<div class=\"tm-text-editor\">\r\n\t\t<h3><strong>Olive A La Carte<\/strong><\/h3>\t\t<\/div>\r\n\t\t\t\t\t<\/div>\n\t\t\t\t<\/div>\n\t\t\t\t<div class=\"elementor-element elementor-element-83e0bbe elementor-widget elementor-widget-tm-ele-text-editor\" data-id=\"83e0bbe\" data-element_type=\"widget\" data-widget_type=\"tm-ele-text-editor.default\">\n\t\t\t\t<div class=\"elementor-widget-container\">\n\t\t\t\t\t\t\t<div class=\"tm-text-editor\">\r\n\t\t<p data-start=\"611\" data-end=\"917\">Vita Silva Hotel olarak misafirlerimize yaln\u0131zca konforlu bir konaklama de\u011fil, ayn\u0131 zamanda unutulmaz bir gastronomi deneyimi de sunuyoruz. Otelimizin \u00f6zel \u0130talyan A la Carte restoran\u0131 <strong data-start=\"400\" data-end=\"409\">Olive<\/strong>, Akdeniz\u2019in e\u015fsiz tatlar\u0131n\u0131 ve \u0130talyan mutfa\u011f\u0131n\u0131n zengin k\u00fclt\u00fcr\u00fcn\u00fc sizlerle bulu\u015fturuyor.<\/p>\t\t<\/div>\r\n\t\t\t\t\t<\/div>\n\t\t\t\t<\/div>\n\t\t\t\t<div class=\"elementor-element elementor-element-93b0404 elementor-widget elementor-widget-tm-ele-iconbox\" data-id=\"93b0404\" data-element_type=\"widget\" data-widget_type=\"tm-ele-iconbox.default\">\n\t\t\t\t<div class=\"elementor-widget-container\">\n\t\t\t\t\t<div class=\"tm-sc-icon-box icon-box icon-top no-icon icon-top animate-hover icon-rotate-y\">\r\n\t\r\n  \t<div class=\"icon-box-wrapper\">\r\n\t\t\r\n\t\t\t<div class=\"icon-text\">\r\n\t\t\t\t\t\t\r\n\t\t\t\t<p class=\"icon-box-title \">\r\n\t\t\t\t\t\t\tOlive\u2019de haz\u0131rlanan her tabak, geleneksel \u0130talyan tariflerinden ilham alarak \u00f6zenle se\u00e7ilmi\u015f malzemelerle haz\u0131rlan\u0131r. \u0130nce el yap\u0131m\u0131 makarnalar, odun f\u0131r\u0131n\u0131nda pi\u015fen pizzalar, \u00f6zel soslarla harmanlanan risottolar ve \u00f6zg\u00fcn sunumlar\u0131yla dikkat \u00e7eken et & deniz \u00fcr\u00fcnleri men\u00fcm\u00fczde \u00f6ne \u00e7\u0131kan lezzetlerdir.\t\t\t\t\t<\/p>\r\n\t\t\t\t\t\t\t\t\r\n\t\t\t\r\n\t\r\n\t\t\t\t\t<\/div>\r\n\t\t<div class=\"clearfix\"><\/div>\r\n\t<\/div>\r\n<\/div>\t\t\t\t<\/div>\n\t\t\t\t<\/div>\n\t\t<div class=\"elementor-element elementor-element-41622ca e-flex e-con-boxed tm-col-stretched-none tm-bg-color-over-image e-con e-child\" data-id=\"41622ca\" data-element_type=\"container\">\n\t\t\t\t\t<div class=\"e-con-inner\">\n\t\t\t\t<div class=\"elementor-element elementor-element-b56d48c elementor-arrows-position-inside elementor-widget elementor-widget-image-carousel\" data-id=\"b56d48c\" data-element_type=\"widget\" data-settings=\"{&quot;slides_to_show&quot;:&quot;2&quot;,&quot;navigation&quot;:&quot;arrows&quot;,&quot;autoplay&quot;:&quot;yes&quot;,&quot;pause_on_hover&quot;:&quot;yes&quot;,&quot;pause_on_interaction&quot;:&quot;yes&quot;,&quot;autoplay_speed&quot;:5000,&quot;infinite&quot;:&quot;yes&quot;,&quot;speed&quot;:500,&quot;image_spacing_custom&quot;:{&quot;unit&quot;:&quot;px&quot;,&quot;size&quot;:20,&quot;sizes&quot;:[]},&quot;image_spacing_custom_tablet&quot;:{&quot;unit&quot;:&quot;px&quot;,&quot;size&quot;:&quot;&quot;,&quot;sizes&quot;:[]},&quot;image_spacing_custom_mobile&quot;:{&quot;unit&quot;:&quot;px&quot;,&quot;size&quot;:&quot;&quot;,&quot;sizes&quot;:[]}}\" data-widget_type=\"image-carousel.default\">\n\t\t\t\t<div class=\"elementor-widget-container\">\n\t\t\t\t\t\t\t<div class=\"elementor-image-carousel-wrapper swiper\" role=\"region\" aria-roledescription=\"carousel\" aria-label=\"Image Carousel\" dir=\"ltr\">\n\t\t\t<div class=\"elementor-image-carousel swiper-wrapper\" aria-live=\"off\">\n\t\t\t\t\t\t\t\t<div class=\"swiper-slide\" role=\"group\" aria-roledescription=\"slide\" aria-label=\"1 \/ 2\"><figure class=\"swiper-slide-inner\"><img decoding=\"async\" class=\"swiper-slide-image\" src=\"https:\/\/www.vitasilvahotel.com\/wp-content\/uploads\/2026\/03\/DSCF9272-HDR-672x448.jpg\" alt=\"DSCF9272-HDR\" \/><\/figure><\/div><div class=\"swiper-slide\" role=\"group\" aria-roledescription=\"slide\" aria-label=\"2 \/ 2\"><figure class=\"swiper-slide-inner\"><img decoding=\"async\" class=\"swiper-slide-image\" src=\"https:\/\/www.vitasilvahotel.com\/wp-content\/uploads\/2026\/03\/DSCF9267-HDR-672x448.jpg\" alt=\"DSCF9267-HDR\" \/><\/figure><\/div>\t\t\t<\/div>\n\t\t\t\t\t\t\t\t\t\t\t\t<div class=\"elementor-swiper-button elementor-swiper-button-prev\" role=\"button\" tabindex=\"0\">\n\t\t\t\t\t\t<svg aria-hidden=\"true\" class=\"e-font-icon-svg e-eicon-chevron-left\" viewBox=\"0 0 1000 1000\" xmlns=\"http:\/\/www.w3.org\/2000\/svg\"><path d=\"M646 125C629 125 613 133 604 142L308 442C296 454 292 471 292 487 292 504 296 521 308 533L604 854C617 867 629 875 646 875 663 875 679 871 692 858 704 846 713 829 713 812 713 796 708 779 692 767L438 487 692 225C700 217 708 204 708 187 708 171 704 154 692 142 675 129 663 125 646 125Z\"><\/path><\/svg>\t\t\t\t\t<\/div>\n\t\t\t\t\t<div class=\"elementor-swiper-button elementor-swiper-button-next\" role=\"button\" tabindex=\"0\">\n\t\t\t\t\t\t<svg aria-hidden=\"true\" class=\"e-font-icon-svg e-eicon-chevron-right\" viewBox=\"0 0 1000 1000\" xmlns=\"http:\/\/www.w3.org\/2000\/svg\"><path d=\"M696 533C708 521 713 504 713 487 713 471 708 454 696 446L400 146C388 133 375 125 354 125 338 125 325 129 313 142 300 154 292 171 292 187 292 204 296 221 308 233L563 492 304 771C292 783 288 800 288 817 288 833 296 850 308 863 321 871 338 875 354 875 371 875 388 867 400 854L696 533Z\"><\/path><\/svg>\t\t\t\t\t<\/div>\n\t\t\t\t\n\t\t\t\t\t\t\t\t\t<\/div>\n\t\t\t\t\t\t<\/div>\n\t\t\t\t<\/div>\n\t\t\t\t\t<\/div>\n\t\t\t\t<\/div>\n\t\t\t\t<div class=\"elementor-element elementor-element-8a1df4f elementor-widget elementor-widget-tm-ele-text-editor\" data-id=\"8a1df4f\" data-element_type=\"widget\" data-widget_type=\"tm-ele-text-editor.default\">\n\t\t\t\t<div class=\"elementor-widget-container\">\n\t\t\t\t\t\t\t<div class=\"tm-text-editor\">\r\n\t\t<p>Spa merkezimizdeki sauna ve buhar odas\u0131, toksinlerden ar\u0131nman\u0131z\u0131 sa\u011flarken ba\u011f\u0131\u015f\u0131kl\u0131k sisteminizi de destekler. Geleneksel T\u00fcrk hamam\u0131nda ise ge\u00e7mi\u015ften g\u00fcn\u00fcm\u00fcze uzanan rit\u00fcellerle v\u00fccudunuzu \u00f6l\u00fc derilerden ar\u0131nd\u0131rabilir, yumu\u015fac\u0131k bir cilde sahip olabilirsiniz.<\/p>\t\t<\/div>\r\n\t\t\t\t\t<\/div>\n\t\t\t\t<\/div>\n\t\t\t\t<\/div>\n\t\t\t\t\t<\/div>\n\t\t\t\t<\/div>\n\t\t\t\t\t<\/div>\n\t\t\t\t<\/div>\n\t\t\t\t<\/div>\n\t\t","protected":false},"excerpt":{"rendered":"<p>Anasayfa Odalar\u0131m\u0131z Fitness Spa &#038; Welness Yasal Bilgilendirmeler \u0130leti\u015fim Karars\u0131z m\u0131 kald\u0131n\u0131z? Bizimle ileti\u015fime ge\u00e7in \u00c7a\u011fr\u0131 merkezimizi arayabilirsiniz. (0242) 524&#8230;<\/p>\n","protected":false},"author":1,"featured_media":0,"parent":0,"menu_order":0,"comment_status":"closed","ping_status":"closed","template":"","meta":{"footnotes":""},"class_list":["post-11889","page","type-page","status-publish","hentry"],"_links":{"self":[{"href":"https:\/\/www.vitasilvahotel.com\/index.php\/wp-json\/wp\/v2\/pages\/11889","targetHints":{"allow":["GET"]}}],"collection":[{"href":"https:\/\/www.vitasilvahotel.com\/index.php\/wp-json\/wp\/v2\/pages"}],"about":[{"href":"https:\/\/www.vitasilvahotel.com\/index.php\/wp-json\/wp\/v2\/types\/page"}],"author":[{"embeddable":true,"href":"https:\/\/www.vitasilvahotel.com\/index.php\/wp-json\/wp\/v2\/users\/1"}],"replies":[{"embeddable":true,"href":"https:\/\/www.vitasilvahotel.com\/index.php\/wp-json\/wp\/v2\/comments?post=11889"}],"version-history":[{"count":7,"href":"https:\/\/www.vitasilvahotel.com\/index.php\/wp-json\/wp\/v2\/pages\/11889\/revisions"}],"predecessor-version":[{"id":11980,"href":"https:\/\/www.vitasilvahotel.com\/index.php\/wp-json\/wp\/v2\/pages\/11889\/revisions\/11980"}],"wp:attachment":[{"href":"https:\/\/www.vitasilvahotel.com\/index.php\/wp-json\/wp\/v2\/media?parent=11889"}],"curies":[{"name":"wp","href":"https:\/\/api.w.org\/{rel}","templated":true}]}}