{"id":5197,"date":"2025-02-20T08:37:32","date_gmt":"2025-02-20T08:37:32","guid":{"rendered":"https:\/\/dev251.kodesolution.com\/hoteler\/?page_id=5197"},"modified":"2026-03-23T23:49:39","modified_gmt":"2026-03-23T20:49:39","slug":"spa-salon","status":"publish","type":"page","link":"https:\/\/www.vitasilvahotel.com\/index.php\/spa-salon\/","title":{"rendered":"Spa &amp; Welness"},"content":{"rendered":"\t\t<div data-elementor-type=\"wp-page\" data-elementor-id=\"5197\" class=\"elementor elementor-5197\">\n\t\t\t\t<div class=\"elementor-element elementor-element-ece7ac8 e-flex e-con-boxed tm-col-stretched-none tm-bg-color-over-image e-con e-parent\" data-id=\"ece7ac8\" data-element_type=\"container\">\n\t\t\t\t\t<div class=\"e-con-inner\">\n\t\t<div class=\"elementor-element elementor-element-2de6ab5 e-flex e-con-boxed tm-col-stretched-none tm-bg-color-over-image e-con e-child\" data-id=\"2de6ab5\" data-element_type=\"container\">\n\t\t\t\t\t<div class=\"e-con-inner\">\n\t\t<div class=\"elementor-element elementor-element-ffa3e07 e-con-full e-flex tm-col-stretched-none tm-bg-color-over-image e-con e-child\" data-id=\"ffa3e07\" data-element_type=\"container\">\n\t\t\t\t<div class=\"elementor-element elementor-element-53f0b30 elementor-hidden-desktop elementor-hidden-tablet elementor-hidden-mobile elementor-widget elementor-widget-tm-ele-navigation-menu\" data-id=\"53f0b30\" data-element_type=\"widget\" data-widget_type=\"tm-ele-navigation-menu.default\">\n\t\t\t\t<div class=\"elementor-widget-container\">\n\t\t\t\t\t<div class=\"tm-sc-simple-nav-menu\"><ul id=\"menu-footer-links1\" class=\"\"><li id=\"menu-item-331\" class=\"menu-item menu-item-type-custom menu-item-object-custom menu-item-home menu-item-331\"><a href=\"https:\/\/www.vitasilvahotel.com\"><i class=\"tm-nav-arrow-icon fas fa-arrow-right\"><\/i>Anasayfa<\/a><\/li>\n<li id=\"menu-item-332\" class=\"menu-item menu-item-type-custom menu-item-object-custom menu-item-332\"><a href=\"https:\/\/www.vitasilvahotel.com\/index.php\/odalar\/\"><i class=\"tm-nav-arrow-icon fas fa-arrow-right\"><\/i>Odalar\u0131m\u0131z<\/a><\/li>\n<li id=\"menu-item-333\" class=\"menu-item menu-item-type-custom menu-item-object-custom menu-item-333\"><a href=\"https:\/\/www.vitasilvahotel.com\/index.php\/fitness\/\"><i class=\"tm-nav-arrow-icon fas fa-arrow-right\"><\/i>Fitness<\/a><\/li>\n<li id=\"menu-item-334\" class=\"menu-item menu-item-type-custom menu-item-object-custom menu-item-334\"><a href=\"https:\/\/www.vitasilvahotel.com\/index.php\/spa-salon\/\"><i class=\"tm-nav-arrow-icon fas fa-arrow-right\"><\/i>Spa &#038; Welness<\/a><\/li>\n<li id=\"menu-item-335\" class=\"menu-item menu-item-type-custom menu-item-object-custom menu-item-335\"><a href=\"https:\/\/www.vitasilvahotel.com\/index.php\/politikalarimiz\/\"><i class=\"tm-nav-arrow-icon fas fa-arrow-right\"><\/i>Yasal Bilgilendirmeler<\/a><\/li>\n<li id=\"menu-item-336\" class=\"menu-item menu-item-type-custom menu-item-object-custom menu-item-336\"><a href=\"https:\/\/www.vitasilvahotel.com\/index.php\/iletisim\/\"><i class=\"tm-nav-arrow-icon fas fa-arrow-right\"><\/i>\u0130leti\u015fim<\/a><\/li>\n<\/ul><\/div>\t\t\t\t<\/div>\n\t\t\t\t<\/div>\n\t\t<div class=\"elementor-element elementor-element-28b4795 e-con-full e-flex tm-col-stretched-none tm-bg-color-over-image e-con e-child\" data-id=\"28b4795\" data-element_type=\"container\" data-settings=\"{&quot;background_background&quot;:&quot;classic&quot;}\">\n\t\t\t\t<div class=\"elementor-element elementor-element-8e41495 elementor-widget elementor-widget-heading\" data-id=\"8e41495\" data-element_type=\"widget\" data-widget_type=\"heading.default\">\n\t\t\t\t<div class=\"elementor-widget-container\">\n\t\t\t\t\t<h4 class=\"elementor-heading-title elementor-size-default\">Karars\u0131z m\u0131 kald\u0131n\u0131z? Bizimle ileti\u015fime ge\u00e7in<\/h4>\t\t\t\t<\/div>\n\t\t\t\t<\/div>\n\t\t\t\t<div class=\"elementor-element elementor-element-47f794c elementor-widget elementor-widget-tm-ele-iconbox\" data-id=\"47f794c\" data-element_type=\"widget\" data-widget_type=\"tm-ele-iconbox.default\">\n\t\t\t\t<div class=\"elementor-widget-container\">\n\t\t\t\t\t<div class=\"tm-sc-icon-box icon-box icon-top font-icon icon-top animate-hover icon-rotate-y\">\r\n\t\r\n  \t<div class=\"icon-box-wrapper\">\r\n\t\t\r\n\t\t<div class=\"icon-wrapper\">\r\n\t\t<div class=\"icon icon-round icon-type-font-icon icon-md\">\r\n\t\t\t<i aria-hidden=\"true\" class=\" flaticon-common-phone-call\"><\/i>\t\t<\/div>\r\n\r\n\t\t\t<\/div>\r\n\t\t\t<div class=\"icon-text\">\r\n\t\t\t\t\t\t\r\n\t\t\t\t<h4 class=\"icon-box-title \">\r\n\t\t\t\t\t\t\t\u00c7a\u011fr\u0131 merkezimizi arayabilirsiniz.\n\t\t\t\t\t<\/h4>\r\n\t\t\t\t\t<div class=\"content\"><p>(0242) 524 57 38<\/p><\/div>\r\n\t\t\t\r\n\t\t\t\r\n\t\r\n\t\t\t\t\t<\/div>\r\n\t\t<div class=\"clearfix\"><\/div>\r\n\t<\/div>\r\n<\/div>\t\t\t\t<\/div>\n\t\t\t\t<\/div>\n\t\t\t\t<\/div>\n\t\t\t\t<\/div>\n\t\t<div class=\"elementor-element elementor-element-b90858e e-con-full tm-col-stretched-none e-flex tm-bg-color-over-image e-con e-child\" data-id=\"b90858e\" data-element_type=\"container\">\n\t\t\t\t<div class=\"elementor-element elementor-element-c83d446 elementor-widget elementor-widget-image\" data-id=\"c83d446\" data-element_type=\"widget\" data-widget_type=\"image.default\">\n\t\t\t\t<div class=\"elementor-widget-container\">\n\t\t\t\t\t\t\t\t\t\t\t\t\t\t\t<img decoding=\"async\" src=\"https:\/\/www.vitasilvahotel.com\/wp-content\/uploads\/2025\/06\/IMG_3920-scaled.jpg\" title=\"IMG_3920\" alt=\"IMG_3920\" loading=\"lazy\" \/>\t\t\t\t\t\t\t\t\t\t\t\t\t\t\t<\/div>\n\t\t\t\t<\/div>\n\t\t\t\t<div class=\"elementor-element elementor-element-fe9e531 elementor-widget elementor-widget-tm-ele-text-editor\" data-id=\"fe9e531\" data-element_type=\"widget\" data-widget_type=\"tm-ele-text-editor.default\">\n\t\t\t\t<div class=\"elementor-widget-container\">\n\t\t\t\t\t\t\t<div class=\"tm-text-editor\">\r\n\t\t<h3>Do\u011fan\u0131n Kalbinde Bedeninizi ve Ruhunuzu Yenileyin<\/h3>\t\t<\/div>\r\n\t\t\t\t\t<\/div>\n\t\t\t\t<\/div>\n\t\t\t\t<div class=\"elementor-element elementor-element-8730816 elementor-widget elementor-widget-tm-ele-text-editor\" data-id=\"8730816\" data-element_type=\"widget\" data-widget_type=\"tm-ele-text-editor.default\">\n\t\t\t\t<div class=\"elementor-widget-container\">\n\t\t\t\t\t\t\t<div class=\"tm-text-editor\">\r\n\t\t<p>Hayat\u0131n ko\u015fu\u015fturmas\u0131ndan uzakla\u015f\u0131p kendinize ger\u00e7ekten zaman ay\u0131rmaya ne dersiniz? Vita Silva Hotel\u2019in benzersiz spa merkezi, do\u011fan\u0131n huzur veren kuca\u011f\u0131nda sizi yeniden do\u011fmu\u015f gibi hissettirecek bir deneyime davet ediyor.<\/p>\t\t<\/div>\r\n\t\t\t\t\t<\/div>\n\t\t\t\t<\/div>\n\t\t\t\t<div class=\"elementor-element elementor-element-51d8e65 elementor-widget elementor-widget-tm-ele-iconbox\" data-id=\"51d8e65\" data-element_type=\"widget\" data-widget_type=\"tm-ele-iconbox.default\">\n\t\t\t\t<div class=\"elementor-widget-container\">\n\t\t\t\t\t<div class=\"tm-sc-icon-box icon-box icon-top no-icon icon-top animate-hover icon-rotate-y\">\r\n\t\r\n  \t<div class=\"icon-box-wrapper\">\r\n\t\t\r\n\t\t\t<div class=\"icon-text\">\r\n\t\t\t\t\t\t\r\n\t\t\t\t<p class=\"icon-box-title \">\r\n\t\t\t\t\t\t\tUzman terapistler e\u015fli\u011finde sunulan ki\u015fiye \u00f6zel masaj terapileri, derinlemesine rahatlama sa\u011flarken v\u00fccudunuzun yeniden dengeye kavu\u015fmas\u0131na yard\u0131mc\u0131 olur. \u0130ster klasik \u0130sve\u00e7 masaj\u0131, ister aromaterapi, ister s\u0131cak ta\u015f terapisi\u2026 \n\n<br>\n<br>Her uygulama, en kaliteli do\u011fal ya\u011flarla ve hijyenik ko\u015fullarda sunulmaktad\u0131r.\t\t\t\t\t<\/p>\r\n\t\t\t\t\t\t\t\t\r\n\t\t\t\r\n\t\r\n\t\t\t\t\t<\/div>\r\n\t\t<div class=\"clearfix\"><\/div>\r\n\t<\/div>\r\n<\/div>\t\t\t\t<\/div>\n\t\t\t\t<\/div>\n\t\t<div class=\"elementor-element elementor-element-3fa181d e-flex e-con-boxed tm-col-stretched-none tm-bg-color-over-image e-con e-child\" data-id=\"3fa181d\" data-element_type=\"container\">\n\t\t\t\t\t<div class=\"e-con-inner\">\n\t\t\t\t<div class=\"elementor-element elementor-element-a1aec99 elementor-arrows-position-inside elementor-widget elementor-widget-image-carousel\" data-id=\"a1aec99\" data-element_type=\"widget\" data-settings=\"{&quot;slides_to_show&quot;:&quot;2&quot;,&quot;navigation&quot;:&quot;arrows&quot;,&quot;autoplay&quot;:&quot;yes&quot;,&quot;pause_on_hover&quot;:&quot;yes&quot;,&quot;pause_on_interaction&quot;:&quot;yes&quot;,&quot;autoplay_speed&quot;:5000,&quot;infinite&quot;:&quot;yes&quot;,&quot;speed&quot;:500,&quot;image_spacing_custom&quot;:{&quot;unit&quot;:&quot;px&quot;,&quot;size&quot;:20,&quot;sizes&quot;:[]},&quot;image_spacing_custom_tablet&quot;:{&quot;unit&quot;:&quot;px&quot;,&quot;size&quot;:&quot;&quot;,&quot;sizes&quot;:[]},&quot;image_spacing_custom_mobile&quot;:{&quot;unit&quot;:&quot;px&quot;,&quot;size&quot;:&quot;&quot;,&quot;sizes&quot;:[]}}\" data-widget_type=\"image-carousel.default\">\n\t\t\t\t<div class=\"elementor-widget-container\">\n\t\t\t\t\t\t\t<div class=\"elementor-image-carousel-wrapper swiper\" role=\"region\" aria-roledescription=\"carousel\" aria-label=\"Image Carousel\" dir=\"ltr\">\n\t\t\t<div class=\"elementor-image-carousel swiper-wrapper\" aria-live=\"off\">\n\t\t\t\t\t\t\t\t<div class=\"swiper-slide\" role=\"group\" aria-roledescription=\"slide\" aria-label=\"1 \/ 4\"><figure class=\"swiper-slide-inner\"><img decoding=\"async\" class=\"swiper-slide-image\" src=\"https:\/\/www.vitasilvahotel.com\/wp-content\/uploads\/2026\/03\/DSCF0479-HDR-672x448.jpg\" alt=\"DSCF0479-HDR\" \/><\/figure><\/div><div class=\"swiper-slide\" role=\"group\" aria-roledescription=\"slide\" aria-label=\"2 \/ 4\"><figure class=\"swiper-slide-inner\"><img decoding=\"async\" class=\"swiper-slide-image\" src=\"https:\/\/www.vitasilvahotel.com\/wp-content\/uploads\/2026\/03\/DSCF0485-HDR-672x448.jpg\" alt=\"DSCF0485-HDR\" \/><\/figure><\/div><div class=\"swiper-slide\" role=\"group\" aria-roledescription=\"slide\" aria-label=\"3 \/ 4\"><figure class=\"swiper-slide-inner\"><img decoding=\"async\" class=\"swiper-slide-image\" src=\"https:\/\/www.vitasilvahotel.com\/wp-content\/uploads\/2026\/03\/DSCF0488-HDR-672x448.jpg\" alt=\"DSCF0488-HDR\" \/><\/figure><\/div><div class=\"swiper-slide\" role=\"group\" aria-roledescription=\"slide\" aria-label=\"4 \/ 4\"><figure class=\"swiper-slide-inner\"><img decoding=\"async\" class=\"swiper-slide-image\" src=\"https:\/\/www.vitasilvahotel.com\/wp-content\/uploads\/2026\/03\/DSCF0494-HDR-672x448.jpg\" alt=\"DSCF0494-HDR\" \/><\/figure><\/div>\t\t\t<\/div>\n\t\t\t\t\t\t\t\t\t\t\t\t<div class=\"elementor-swiper-button elementor-swiper-button-prev\" role=\"button\" tabindex=\"0\">\n\t\t\t\t\t\t<svg aria-hidden=\"true\" class=\"e-font-icon-svg e-eicon-chevron-left\" viewBox=\"0 0 1000 1000\" xmlns=\"http:\/\/www.w3.org\/2000\/svg\"><path d=\"M646 125C629 125 613 133 604 142L308 442C296 454 292 471 292 487 292 504 296 521 308 533L604 854C617 867 629 875 646 875 663 875 679 871 692 858 704 846 713 829 713 812 713 796 708 779 692 767L438 487 692 225C700 217 708 204 708 187 708 171 704 154 692 142 675 129 663 125 646 125Z\"><\/path><\/svg>\t\t\t\t\t<\/div>\n\t\t\t\t\t<div class=\"elementor-swiper-button elementor-swiper-button-next\" role=\"button\" tabindex=\"0\">\n\t\t\t\t\t\t<svg aria-hidden=\"true\" class=\"e-font-icon-svg e-eicon-chevron-right\" viewBox=\"0 0 1000 1000\" xmlns=\"http:\/\/www.w3.org\/2000\/svg\"><path d=\"M696 533C708 521 713 504 713 487 713 471 708 454 696 446L400 146C388 133 375 125 354 125 338 125 325 129 313 142 300 154 292 171 292 187 292 204 296 221 308 233L563 492 304 771C292 783 288 800 288 817 288 833 296 850 308 863 321 871 338 875 354 875 371 875 388 867 400 854L696 533Z\"><\/path><\/svg>\t\t\t\t\t<\/div>\n\t\t\t\t\n\t\t\t\t\t\t\t\t\t<\/div>\n\t\t\t\t\t\t<\/div>\n\t\t\t\t<\/div>\n\t\t\t\t\t<\/div>\n\t\t\t\t<\/div>\n\t\t\t\t<div class=\"elementor-element elementor-element-bbc6924 elementor-widget elementor-widget-tm-ele-text-editor\" data-id=\"bbc6924\" data-element_type=\"widget\" data-widget_type=\"tm-ele-text-editor.default\">\n\t\t\t\t<div class=\"elementor-widget-container\">\n\t\t\t\t\t\t\t<div class=\"tm-text-editor\">\r\n\t\t<p>Spa merkezimizdeki sauna ve buhar odas\u0131, toksinlerden ar\u0131nman\u0131z\u0131 sa\u011flarken ba\u011f\u0131\u015f\u0131kl\u0131k sisteminizi de destekler. Geleneksel T\u00fcrk hamam\u0131nda ise ge\u00e7mi\u015ften g\u00fcn\u00fcm\u00fcze uzanan rit\u00fcellerle v\u00fccudunuzu \u00f6l\u00fc derilerden ar\u0131nd\u0131rabilir, yumu\u015fac\u0131k bir cilde sahip olabilirsiniz.<\/p>\t\t<\/div>\r\n\t\t\t\t\t<\/div>\n\t\t\t\t<\/div>\n\t\t\t\t<\/div>\n\t\t\t\t\t<\/div>\n\t\t\t\t<\/div>\n\t\t\t\t\t<\/div>\n\t\t\t\t<\/div>\n\t\t\t\t<\/div>\n\t\t","protected":false},"excerpt":{"rendered":"<p>Anasayfa Odalar\u0131m\u0131z Fitness Spa &#038; Welness Yasal Bilgilendirmeler \u0130leti\u015fim Karars\u0131z m\u0131 kald\u0131n\u0131z? Bizimle ileti\u015fime ge\u00e7in \u00c7a\u011fr\u0131 merkezimizi arayabilirsiniz. (0242) 524&#8230;<\/p>\n","protected":false},"author":1,"featured_media":0,"parent":0,"menu_order":0,"comment_status":"closed","ping_status":"closed","template":"","meta":{"footnotes":""},"class_list":["post-5197","page","type-page","status-publish","hentry"],"_links":{"self":[{"href":"https:\/\/www.vitasilvahotel.com\/index.php\/wp-json\/wp\/v2\/pages\/5197","targetHints":{"allow":["GET"]}}],"collection":[{"href":"https:\/\/www.vitasilvahotel.com\/index.php\/wp-json\/wp\/v2\/pages"}],"about":[{"href":"https:\/\/www.vitasilvahotel.com\/index.php\/wp-json\/wp\/v2\/types\/page"}],"author":[{"embeddable":true,"href":"https:\/\/www.vitasilvahotel.com\/index.php\/wp-json\/wp\/v2\/users\/1"}],"replies":[{"embeddable":true,"href":"https:\/\/www.vitasilvahotel.com\/index.php\/wp-json\/wp\/v2\/comments?post=5197"}],"version-history":[{"count":3,"href":"https:\/\/www.vitasilvahotel.com\/index.php\/wp-json\/wp\/v2\/pages\/5197\/revisions"}],"predecessor-version":[{"id":11991,"href":"https:\/\/www.vitasilvahotel.com\/index.php\/wp-json\/wp\/v2\/pages\/5197\/revisions\/11991"}],"wp:attachment":[{"href":"https:\/\/www.vitasilvahotel.com\/index.php\/wp-json\/wp\/v2\/media?parent=5197"}],"curies":[{"name":"wp","href":"https:\/\/api.w.org\/{rel}","templated":true}]}}